{"id":15,"date":"2025-11-04T13:30:19","date_gmt":"2025-11-04T13:30:19","guid":{"rendered":"https:\/\/retrostikala.si\/?page_id=15"},"modified":"2025-11-24T12:09:23","modified_gmt":"2025-11-24T12:09:23","slug":"domov","status":"publish","type":"page","link":"https:\/\/retrostikala.si\/","title":{"rendered":"Domov"},"content":{"rendered":"\t\t<div data-elementor-type=\"wp-page\" data-elementor-id=\"15\" class=\"elementor elementor-15\" data-elementor-post-type=\"page\">\n\t\t\t\t<div class=\"elementor-element elementor-element-9936103 e-flex e-con-boxed e-con e-parent\" data-id=\"9936103\" data-element_type=\"container\">\n\t\t\t\t\t<div class=\"e-con-inner\">\n\t\t<div class=\"elementor-element elementor-element-77e52e6 e-con-full e-flex e-con e-child\" data-id=\"77e52e6\" data-element_type=\"container\">\n\t\t\t\t<div class=\"elementor-element elementor-element-7d05136 elementor-widget elementor-widget-image\" data-id=\"7d05136\" data-element_type=\"widget\" data-widget_type=\"image.default\">\n\t\t\t\t\t\t\t\t\t\t\t\t\t\t\t<img fetchpriority=\"high\" decoding=\"async\" width=\"800\" height=\"800\" src=\"https:\/\/retrostikala.si\/wp-content\/uploads\/2025\/11\/1_1_slikca-1024x1024.png\" class=\"attachment-large size-large wp-image-17\" alt=\"\" srcset=\"https:\/\/retrostikala.si\/wp-content\/uploads\/2025\/11\/1_1_slikca-1024x1024.png 1024w, https:\/\/retrostikala.si\/wp-content\/uploads\/2025\/11\/1_1_slikca-300x300.png 300w, https:\/\/retrostikala.si\/wp-content\/uploads\/2025\/11\/1_1_slikca-150x150.png 150w, https:\/\/retrostikala.si\/wp-content\/uploads\/2025\/11\/1_1_slikca-768x768.png 768w, https:\/\/retrostikala.si\/wp-content\/uploads\/2025\/11\/1_1_slikca.png 1080w\" sizes=\"(max-width: 800px) 100vw, 800px\" \/>\t\t\t\t\t\t\t\t\t\t\t\t\t\t\t<\/div>\n\t\t\t\t<\/div>\n\t\t<div class=\"elementor-element elementor-element-698dd56 e-con-full e-flex e-con e-child\" data-id=\"698dd56\" data-element_type=\"container\">\n\t\t\t\t<div class=\"elementor-element elementor-element-addfa2d elementor-widget__width-initial elementor-widget-mobile__width-inherit elementor-widget elementor-widget-heading\" data-id=\"addfa2d\" data-element_type=\"widget\" data-widget_type=\"heading.default\">\n\t\t\t\t\t<h2 class=\"elementor-heading-title elementor-size-default\">Klasi\u010dni materiali, brez\u010dasne oblike \u2013 novi originali.<\/h2>\t\t\t\t<\/div>\n\t\t\t\t<div class=\"elementor-element elementor-element-da3c210 elementor-widget__width-initial elementor-widget-mobile__width-inherit elementor-widget elementor-widget-text-editor\" data-id=\"da3c210\" data-element_type=\"widget\" data-widget_type=\"text-editor.default\">\n\t\t\t\t\t\t\t\t\t<p>Z elegantno zasnovo in kakovostnimi materiali na\u0161i stikalni sistemi obujajo \u010das, ko je funkcija dolo\u010dala obliko in je bila vzdr\u017eljivost samoumevna.<\/p>\t\t\t\t\t\t\t\t<\/div>\n\t\t<div class=\"elementor-element elementor-element-b6cbfdb e-con-full e-flex e-con e-child\" data-id=\"b6cbfdb\" data-element_type=\"container\">\n\t\t\t\t<div class=\"elementor-element elementor-element-8eac4b2 elementor-widget elementor-widget-button\" data-id=\"8eac4b2\" data-element_type=\"widget\" data-widget_type=\"button.default\">\n\t\t\t\t\t\t\t\t\t\t<a class=\"elementor-button elementor-button-link elementor-size-sm\" href=\"https:\/\/www.technobox.si\/katalog\/204\/thpg-retro-stikala-in-vticnice\">\n\t\t\t\t\t\t<span class=\"elementor-button-content-wrapper\">\n\t\t\t\t\t\t\t\t\t<span class=\"elementor-button-text\">Nakupuj<\/span>\n\t\t\t\t\t<\/span>\n\t\t\t\t\t<\/a>\n\t\t\t\t\t\t\t\t<\/div>\n\t\t\t\t<div class=\"elementor-element elementor-element-0f60c3d elementor-align-left elementor-widget elementor-widget-button\" data-id=\"0f60c3d\" data-element_type=\"widget\" data-widget_type=\"button.default\">\n\t\t\t\t\t\t\t\t\t\t<a class=\"elementor-button elementor-button-link elementor-size-sm\" href=\"https:\/\/retrostikala.si\/wp-content\/uploads\/2025\/11\/Schalterkatalog-2025-UK-Screen.pdf\">\n\t\t\t\t\t\t<span class=\"elementor-button-content-wrapper\">\n\t\t\t\t\t\t<span class=\"elementor-button-icon\">\n\t\t\t\t<svg aria-hidden=\"true\" class=\"e-font-icon-svg e-far-arrow-alt-circle-down\" viewBox=\"0 0 512 512\" xmlns=\"http:\/\/www.w3.org\/2000\/svg\"><path d=\"M256 8C119 8 8 119 8 256s111 248 248 248 248-111 248-248S393 8 256 8zm0 448c-110.5 0-200-89.5-200-200S145.5 56 256 56s200 89.5 200 200-89.5 200-200 200zm-32-316v116h-67c-10.7 0-16 12.9-8.5 20.5l99 99c4.7 4.7 12.3 4.7 17 0l99-99c7.6-7.6 2.2-20.5-8.5-20.5h-67V140c0-6.6-5.4-12-12-12h-40c-6.6 0-12 5.4-12 12z\"><\/path><\/svg>\t\t\t<\/span>\n\t\t\t\t\t\t\t\t\t<span class=\"elementor-button-text\">Katalog<\/span>\n\t\t\t\t\t<\/span>\n\t\t\t\t\t<\/a>\n\t\t\t\t\t\t\t\t<\/div>\n\t\t\t\t<\/div>\n\t\t\t\t<\/div>\n\t\t\t\t\t<\/div>\n\t\t\t\t<\/div>\n\t\t<div class=\"elementor-element elementor-element-fc6168d e-flex e-con-boxed e-con e-parent\" data-id=\"fc6168d\" data-element_type=\"container\">\n\t\t\t\t\t<div class=\"e-con-inner\">\n\t\t<div class=\"elementor-element elementor-element-e0b9450 e-con-full e-flex e-con e-child\" data-id=\"e0b9450\" data-element_type=\"container\">\n\t\t\t\t<div class=\"elementor-element elementor-element-c3d4a9d elementor-widget__width-inherit elementor-widget elementor-widget-heading\" data-id=\"c3d4a9d\" data-element_type=\"widget\" data-widget_type=\"heading.default\">\n\t\t\t\t\t<h5 class=\"elementor-heading-title elementor-size-default\">Stikalni sistemi iz porcelana, bakelita in stekla.<\/h5>\t\t\t\t<\/div>\n\t\t<div class=\"elementor-element elementor-element-feed9c7 e-grid e-con-full e-con e-child\" data-id=\"feed9c7\" data-element_type=\"container\">\n\t\t<a class=\"elementor-element elementor-element-21c2bab e-con-full e-flex e-con e-child\" data-id=\"21c2bab\" data-element_type=\"container\" data-settings=\"{&quot;background_background&quot;:&quot;classic&quot;}\" href=\"https:\/\/www.technobox.si\/katalog\/532\/porcelan-bel\">\n\t\t\t\t<div class=\"elementor-element elementor-element-9f63bc3 elementor-widget elementor-widget-image\" data-id=\"9f63bc3\" data-element_type=\"widget\" data-widget_type=\"image.default\">\n\t\t\t\t\t\t\t\t\t\t\t\t\t\t\t<img decoding=\"async\" width=\"150\" height=\"150\" src=\"https:\/\/retrostikala.si\/wp-content\/uploads\/2025\/11\/thpg_porzellan-150x150.png\" class=\"attachment-thumbnail size-thumbnail wp-image-44\" alt=\"\" srcset=\"https:\/\/retrostikala.si\/wp-content\/uploads\/2025\/11\/thpg_porzellan-150x150.png 150w, https:\/\/retrostikala.si\/wp-content\/uploads\/2025\/11\/thpg_porzellan-300x300.png 300w, https:\/\/retrostikala.si\/wp-content\/uploads\/2025\/11\/thpg_porzellan.png 307w\" sizes=\"(max-width: 150px) 100vw, 150px\" \/>\t\t\t\t\t\t\t\t\t\t\t\t\t\t\t<\/div>\n\t\t\t\t<div class=\"elementor-element elementor-element-8e09f8a elementor-widget__width-inherit elementor-widget elementor-widget-text-editor\" data-id=\"8e09f8a\" data-element_type=\"widget\" data-widget_type=\"text-editor.default\">\n\t\t\t\t\t\t\t\t\t<p>PORCELAN BEL<\/p>\t\t\t\t\t\t\t\t<\/div>\n\t\t\t\t<\/a>\n\t\t<a class=\"elementor-element elementor-element-240b0bd e-con-full e-flex e-con e-child\" data-id=\"240b0bd\" data-element_type=\"container\" data-settings=\"{&quot;background_background&quot;:&quot;classic&quot;}\" href=\"https:\/\/www.technobox.si\/katalog\/550\/porcelan-crn\">\n\t\t\t\t<div class=\"elementor-element elementor-element-05718ff elementor-widget elementor-widget-image\" data-id=\"05718ff\" data-element_type=\"widget\" data-widget_type=\"image.default\">\n\t\t\t\t\t\t\t\t\t\t\t\t\t\t\t<img decoding=\"async\" width=\"150\" height=\"150\" src=\"https:\/\/retrostikala.si\/wp-content\/uploads\/2025\/11\/307x307_Porzellan_Drehschalter_schwarz_2-150x150.png\" class=\"attachment-thumbnail size-thumbnail wp-image-52\" alt=\"\" srcset=\"https:\/\/retrostikala.si\/wp-content\/uploads\/2025\/11\/307x307_Porzellan_Drehschalter_schwarz_2-150x150.png 150w, https:\/\/retrostikala.si\/wp-content\/uploads\/2025\/11\/307x307_Porzellan_Drehschalter_schwarz_2-300x300.png 300w, https:\/\/retrostikala.si\/wp-content\/uploads\/2025\/11\/307x307_Porzellan_Drehschalter_schwarz_2.png 307w\" sizes=\"(max-width: 150px) 100vw, 150px\" \/>\t\t\t\t\t\t\t\t\t\t\t\t\t\t\t<\/div>\n\t\t\t\t<div class=\"elementor-element elementor-element-e9fb515 elementor-widget__width-inherit elementor-widget elementor-widget-text-editor\" data-id=\"e9fb515\" data-element_type=\"widget\" data-widget_type=\"text-editor.default\">\n\t\t\t\t\t\t\t\t\t<p>PORCELAN \u010cRN<\/p>\t\t\t\t\t\t\t\t<\/div>\n\t\t\t\t<\/a>\n\t\t<a class=\"elementor-element elementor-element-8ab8c6f e-con-full e-flex e-con e-child\" data-id=\"8ab8c6f\" data-element_type=\"container\" data-settings=\"{&quot;background_background&quot;:&quot;classic&quot;}\" href=\"https:\/\/www.technobox.si\/katalog\/531\/duroplast\">\n\t\t\t\t<div class=\"elementor-element elementor-element-364d9a1 elementor-widget elementor-widget-image\" data-id=\"364d9a1\" data-element_type=\"widget\" data-widget_type=\"image.default\">\n\t\t\t\t\t\t\t\t\t\t\t\t\t\t\t<img loading=\"lazy\" decoding=\"async\" width=\"150\" height=\"150\" src=\"https:\/\/retrostikala.si\/wp-content\/uploads\/2025\/11\/thpg_duroplast-150x150.png\" class=\"attachment-thumbnail size-thumbnail wp-image-54\" alt=\"\" srcset=\"https:\/\/retrostikala.si\/wp-content\/uploads\/2025\/11\/thpg_duroplast-150x150.png 150w, https:\/\/retrostikala.si\/wp-content\/uploads\/2025\/11\/thpg_duroplast-300x300.png 300w, https:\/\/retrostikala.si\/wp-content\/uploads\/2025\/11\/thpg_duroplast.png 307w\" sizes=\"(max-width: 150px) 100vw, 150px\" \/>\t\t\t\t\t\t\t\t\t\t\t\t\t\t\t<\/div>\n\t\t\t\t<div class=\"elementor-element elementor-element-24ccaec elementor-widget__width-inherit elementor-widget elementor-widget-text-editor\" data-id=\"24ccaec\" data-element_type=\"widget\" data-widget_type=\"text-editor.default\">\n\t\t\t\t\t\t\t\t\t<p>DUROPLAST<\/p>\t\t\t\t\t\t\t\t<\/div>\n\t\t\t\t<\/a>\n\t\t<a class=\"elementor-element elementor-element-20b8754 e-con-full e-flex e-con e-child\" data-id=\"20b8754\" data-element_type=\"container\" data-settings=\"{&quot;background_background&quot;:&quot;classic&quot;}\" href=\"https:\/\/www.technobox.si\/katalog\/533\/bakelit\">\n\t\t\t\t<div class=\"elementor-element elementor-element-1435862 elementor-widget elementor-widget-image\" data-id=\"1435862\" data-element_type=\"widget\" data-widget_type=\"image.default\">\n\t\t\t\t\t\t\t\t\t\t\t\t\t\t\t<img loading=\"lazy\" decoding=\"async\" width=\"150\" height=\"150\" src=\"https:\/\/retrostikala.si\/wp-content\/uploads\/2025\/11\/thpg_bakelit-drehschalter_1-150x150.png\" class=\"attachment-thumbnail size-thumbnail wp-image-59\" alt=\"\" srcset=\"https:\/\/retrostikala.si\/wp-content\/uploads\/2025\/11\/thpg_bakelit-drehschalter_1-150x150.png 150w, https:\/\/retrostikala.si\/wp-content\/uploads\/2025\/11\/thpg_bakelit-drehschalter_1-300x300.png 300w, https:\/\/retrostikala.si\/wp-content\/uploads\/2025\/11\/thpg_bakelit-drehschalter_1.png 307w\" sizes=\"(max-width: 150px) 100vw, 150px\" \/>\t\t\t\t\t\t\t\t\t\t\t\t\t\t\t<\/div>\n\t\t\t\t<div class=\"elementor-element elementor-element-ad50b43 elementor-widget__width-inherit elementor-widget elementor-widget-text-editor\" data-id=\"ad50b43\" data-element_type=\"widget\" data-widget_type=\"text-editor.default\">\n\t\t\t\t\t\t\t\t\t<p>BAKELIT<\/p>\t\t\t\t\t\t\t\t<\/div>\n\t\t\t\t<\/a>\n\t\t<a class=\"elementor-element elementor-element-eaa29ae e-con-full e-flex e-con e-child\" data-id=\"eaa29ae\" data-element_type=\"container\" data-settings=\"{&quot;background_background&quot;:&quot;classic&quot;}\" href=\"https:\/\/www.technobox.si\/katalog\/527\/duroplast\">\n\t\t\t\t<div class=\"elementor-element elementor-element-e76e2af elementor-widget elementor-widget-image\" data-id=\"e76e2af\" data-element_type=\"widget\" data-widget_type=\"image.default\">\n\t\t\t\t\t\t\t\t\t\t\t\t\t\t\t<img loading=\"lazy\" decoding=\"async\" width=\"150\" height=\"150\" src=\"https:\/\/retrostikala.si\/wp-content\/uploads\/2025\/11\/307x307_Duroplast-Aufputz-150x150.png\" class=\"attachment-thumbnail size-thumbnail wp-image-64\" alt=\"\" srcset=\"https:\/\/retrostikala.si\/wp-content\/uploads\/2025\/11\/307x307_Duroplast-Aufputz-150x150.png 150w, https:\/\/retrostikala.si\/wp-content\/uploads\/2025\/11\/307x307_Duroplast-Aufputz-300x300.png 300w, https:\/\/retrostikala.si\/wp-content\/uploads\/2025\/11\/307x307_Duroplast-Aufputz.png 307w\" sizes=\"(max-width: 150px) 100vw, 150px\" \/>\t\t\t\t\t\t\t\t\t\t\t\t\t\t\t<\/div>\n\t\t\t\t<div class=\"elementor-element elementor-element-96e5f02 elementor-widget__width-inherit elementor-widget elementor-widget-text-editor\" data-id=\"96e5f02\" data-element_type=\"widget\" data-widget_type=\"text-editor.default\">\n\t\t\t\t\t\t\t\t\t<p>NADOMETNI DUROPLAST<\/p>\t\t\t\t\t\t\t\t<\/div>\n\t\t\t\t<\/a>\n\t\t<a class=\"elementor-element elementor-element-7c6da68 e-con-full e-flex e-con e-child\" data-id=\"7c6da68\" data-element_type=\"container\" data-settings=\"{&quot;background_background&quot;:&quot;classic&quot;}\" href=\"https:\/\/www.technobox.si\/katalog\/528\/bakelit\">\n\t\t\t\t<div class=\"elementor-element elementor-element-298f8f4 elementor-widget elementor-widget-image\" data-id=\"298f8f4\" data-element_type=\"widget\" data-widget_type=\"image.default\">\n\t\t\t\t\t\t\t\t\t\t\t\t\t\t\t<img loading=\"lazy\" decoding=\"async\" width=\"150\" height=\"150\" src=\"https:\/\/retrostikala.si\/wp-content\/uploads\/2025\/11\/307x307_Bakelit-Aufputz-150x150.png\" class=\"attachment-thumbnail size-thumbnail wp-image-68\" alt=\"\" srcset=\"https:\/\/retrostikala.si\/wp-content\/uploads\/2025\/11\/307x307_Bakelit-Aufputz-150x150.png 150w, https:\/\/retrostikala.si\/wp-content\/uploads\/2025\/11\/307x307_Bakelit-Aufputz-300x300.png 300w, https:\/\/retrostikala.si\/wp-content\/uploads\/2025\/11\/307x307_Bakelit-Aufputz.png 307w\" sizes=\"(max-width: 150px) 100vw, 150px\" \/>\t\t\t\t\t\t\t\t\t\t\t\t\t\t\t<\/div>\n\t\t\t\t<div class=\"elementor-element elementor-element-f8d4626 elementor-widget__width-inherit elementor-widget elementor-widget-text-editor\" data-id=\"f8d4626\" data-element_type=\"widget\" data-widget_type=\"text-editor.default\">\n\t\t\t\t\t\t\t\t\t<p>NADOMETNI BAKELIT<\/p>\t\t\t\t\t\t\t\t<\/div>\n\t\t\t\t<\/a>\n\t\t<a class=\"elementor-element elementor-element-b16c604 e-con-full e-flex e-con e-child\" data-id=\"b16c604\" data-element_type=\"container\" data-settings=\"{&quot;background_background&quot;:&quot;classic&quot;}\" href=\"https:\/\/www.technobox.si\/katalog\/529\/doze-in-pritrdilni-program\">\n\t\t\t\t<div class=\"elementor-element elementor-element-d32a0e9 elementor-widget elementor-widget-image\" data-id=\"d32a0e9\" data-element_type=\"widget\" data-widget_type=\"image.default\">\n\t\t\t\t\t\t\t\t\t\t\t\t\t\t\t<img loading=\"lazy\" decoding=\"async\" width=\"150\" height=\"150\" src=\"https:\/\/retrostikala.si\/wp-content\/uploads\/2025\/11\/307x307_Bakelit-Verteilerdose_1-150x150.png\" class=\"attachment-thumbnail size-thumbnail wp-image-70\" alt=\"\" srcset=\"https:\/\/retrostikala.si\/wp-content\/uploads\/2025\/11\/307x307_Bakelit-Verteilerdose_1-150x150.png 150w, https:\/\/retrostikala.si\/wp-content\/uploads\/2025\/11\/307x307_Bakelit-Verteilerdose_1-300x300.png 300w, https:\/\/retrostikala.si\/wp-content\/uploads\/2025\/11\/307x307_Bakelit-Verteilerdose_1.png 307w\" sizes=\"(max-width: 150px) 100vw, 150px\" \/>\t\t\t\t\t\t\t\t\t\t\t\t\t\t\t<\/div>\n\t\t\t\t<div class=\"elementor-element elementor-element-d7ce9f0 elementor-widget__width-inherit elementor-widget elementor-widget-text-editor\" data-id=\"d7ce9f0\" data-element_type=\"widget\" data-widget_type=\"text-editor.default\">\n\t\t\t\t\t\t\t\t\t<p>DOZE IN PRITRDILNI PROGRAM<\/p>\t\t\t\t\t\t\t\t<\/div>\n\t\t\t\t<\/a>\n\t\t\t\t<\/div>\n\t\t\t\t<\/div>\n\t\t\t\t\t<\/div>\n\t\t\t\t<\/div>\n\t\t\t\t<\/div>\n\t\t","protected":false},"excerpt":{"rendered":"<p>Klasi\u010dni materiali, brez\u010dasne oblike \u2013 novi originali. Z elegantno zasnovo in kakovostnimi materiali na\u0161i stikalni sistemi obujajo \u010das, ko je funkcija dolo\u010dala obliko in je bila vzdr\u017eljivost samoumevna. Nakupuj Katalog Stikalni sistemi iz porcelana, bakelita in stekla. PORCELAN BEL PORCELAN \u010cRN DUROPLAST BAKELIT NADOMETNI DUROPLAST NADOMETNI BAKELIT DOZE IN PRITRDILNI PROGRAM<\/p>\n","protected":false},"author":1,"featured_media":0,"parent":0,"menu_order":0,"comment_status":"closed","ping_status":"closed","template":"elementor_header_footer","meta":{"footnotes":""},"class_list":["post-15","page","type-page","status-publish","hentry"],"yoast_head":"<!-- This site is optimized with the Yoast SEO plugin v26.4 - https:\/\/yoast.com\/wordpress\/plugins\/seo\/ -->\n<title>Domov - Retrostikala<\/title>\n<meta name=\"robots\" content=\"index, follow, max-snippet:-1, max-image-preview:large, max-video-preview:-1\" \/>\n<link rel=\"canonical\" href=\"https:\/\/retrostikala.si\/\" \/>\n<meta property=\"og:locale\" content=\"en_US\" \/>\n<meta property=\"og:type\" content=\"article\" \/>\n<meta property=\"og:title\" content=\"Domov - Retrostikala\" \/>\n<meta property=\"og:description\" content=\"Klasi\u010dni materiali, brez\u010dasne oblike \u2013 novi originali. Z elegantno zasnovo in kakovostnimi materiali na\u0161i stikalni sistemi obujajo \u010das, ko je funkcija dolo\u010dala obliko in je bila vzdr\u017eljivost samoumevna. Nakupuj Katalog Stikalni sistemi iz porcelana, bakelita in stekla. PORCELAN BEL PORCELAN \u010cRN DUROPLAST BAKELIT NADOMETNI DUROPLAST NADOMETNI BAKELIT DOZE IN PRITRDILNI PROGRAM\" \/>\n<meta property=\"og:url\" content=\"https:\/\/retrostikala.si\/\" \/>\n<meta property=\"og:site_name\" content=\"Retrostikala\" \/>\n<meta property=\"article:modified_time\" content=\"2025-11-24T12:09:23+00:00\" \/>\n<meta property=\"og:image\" content=\"https:\/\/retrostikala.si\/wp-content\/uploads\/2025\/11\/1_1_slikca.png\" \/>\n\t<meta property=\"og:image:width\" content=\"1080\" \/>\n\t<meta property=\"og:image:height\" content=\"1080\" \/>\n\t<meta property=\"og:image:type\" content=\"image\/png\" \/>\n<meta name=\"twitter:card\" content=\"summary_large_image\" \/>\n<meta name=\"twitter:label1\" content=\"Est. reading time\" \/>\n\t<meta name=\"twitter:data1\" content=\"1 minute\" \/>\n<script type=\"application\/ld+json\" class=\"yoast-schema-graph\">{\"@context\":\"https:\/\/schema.org\",\"@graph\":[{\"@type\":\"WebPage\",\"@id\":\"https:\/\/retrostikala.si\/\",\"url\":\"https:\/\/retrostikala.si\/\",\"name\":\"Domov - Retrostikala\",\"isPartOf\":{\"@id\":\"https:\/\/retrostikala.si\/#website\"},\"primaryImageOfPage\":{\"@id\":\"https:\/\/retrostikala.si\/#primaryimage\"},\"image\":{\"@id\":\"https:\/\/retrostikala.si\/#primaryimage\"},\"thumbnailUrl\":\"https:\/\/retrostikala.si\/wp-content\/uploads\/2025\/11\/1_1_slikca-1024x1024.png\",\"datePublished\":\"2025-11-04T13:30:19+00:00\",\"dateModified\":\"2025-11-24T12:09:23+00:00\",\"breadcrumb\":{\"@id\":\"https:\/\/retrostikala.si\/#breadcrumb\"},\"inLanguage\":\"en-US\",\"potentialAction\":[{\"@type\":\"ReadAction\",\"target\":[\"https:\/\/retrostikala.si\/\"]}]},{\"@type\":\"ImageObject\",\"inLanguage\":\"en-US\",\"@id\":\"https:\/\/retrostikala.si\/#primaryimage\",\"url\":\"https:\/\/retrostikala.si\/wp-content\/uploads\/2025\/11\/1_1_slikca.png\",\"contentUrl\":\"https:\/\/retrostikala.si\/wp-content\/uploads\/2025\/11\/1_1_slikca.png\",\"width\":1080,\"height\":1080},{\"@type\":\"BreadcrumbList\",\"@id\":\"https:\/\/retrostikala.si\/#breadcrumb\",\"itemListElement\":[{\"@type\":\"ListItem\",\"position\":1,\"name\":\"Home\",\"item\":\"https:\/\/retrostikala.si\/\"},{\"@type\":\"ListItem\",\"position\":2,\"name\":\"Domov\"}]},{\"@type\":\"WebSite\",\"@id\":\"https:\/\/retrostikala.si\/#website\",\"url\":\"https:\/\/retrostikala.si\/\",\"name\":\"Retrostikala.si\",\"description\":\"\",\"potentialAction\":[{\"@type\":\"SearchAction\",\"target\":{\"@type\":\"EntryPoint\",\"urlTemplate\":\"https:\/\/retrostikala.si\/?s={search_term_string}\"},\"query-input\":{\"@type\":\"PropertyValueSpecification\",\"valueRequired\":true,\"valueName\":\"search_term_string\"}}],\"inLanguage\":\"en-US\"}]}<\/script>\n<!-- \/ Yoast SEO plugin. -->","yoast_head_json":{"title":"Domov - Retrostikala","robots":{"index":"index","follow":"follow","max-snippet":"max-snippet:-1","max-image-preview":"max-image-preview:large","max-video-preview":"max-video-preview:-1"},"canonical":"https:\/\/retrostikala.si\/","og_locale":"en_US","og_type":"article","og_title":"Domov - Retrostikala","og_description":"Klasi\u010dni materiali, brez\u010dasne oblike \u2013 novi originali. Z elegantno zasnovo in kakovostnimi materiali na\u0161i stikalni sistemi obujajo \u010das, ko je funkcija dolo\u010dala obliko in je bila vzdr\u017eljivost samoumevna. Nakupuj Katalog Stikalni sistemi iz porcelana, bakelita in stekla. PORCELAN BEL PORCELAN \u010cRN DUROPLAST BAKELIT NADOMETNI DUROPLAST NADOMETNI BAKELIT DOZE IN PRITRDILNI PROGRAM","og_url":"https:\/\/retrostikala.si\/","og_site_name":"Retrostikala","article_modified_time":"2025-11-24T12:09:23+00:00","og_image":[{"width":1080,"height":1080,"url":"https:\/\/retrostikala.si\/wp-content\/uploads\/2025\/11\/1_1_slikca.png","type":"image\/png"}],"twitter_card":"summary_large_image","twitter_misc":{"Est. reading time":"1 minute"},"schema":{"@context":"https:\/\/schema.org","@graph":[{"@type":"WebPage","@id":"https:\/\/retrostikala.si\/","url":"https:\/\/retrostikala.si\/","name":"Domov - Retrostikala","isPartOf":{"@id":"https:\/\/retrostikala.si\/#website"},"primaryImageOfPage":{"@id":"https:\/\/retrostikala.si\/#primaryimage"},"image":{"@id":"https:\/\/retrostikala.si\/#primaryimage"},"thumbnailUrl":"https:\/\/retrostikala.si\/wp-content\/uploads\/2025\/11\/1_1_slikca-1024x1024.png","datePublished":"2025-11-04T13:30:19+00:00","dateModified":"2025-11-24T12:09:23+00:00","breadcrumb":{"@id":"https:\/\/retrostikala.si\/#breadcrumb"},"inLanguage":"en-US","potentialAction":[{"@type":"ReadAction","target":["https:\/\/retrostikala.si\/"]}]},{"@type":"ImageObject","inLanguage":"en-US","@id":"https:\/\/retrostikala.si\/#primaryimage","url":"https:\/\/retrostikala.si\/wp-content\/uploads\/2025\/11\/1_1_slikca.png","contentUrl":"https:\/\/retrostikala.si\/wp-content\/uploads\/2025\/11\/1_1_slikca.png","width":1080,"height":1080},{"@type":"BreadcrumbList","@id":"https:\/\/retrostikala.si\/#breadcrumb","itemListElement":[{"@type":"ListItem","position":1,"name":"Home","item":"https:\/\/retrostikala.si\/"},{"@type":"ListItem","position":2,"name":"Domov"}]},{"@type":"WebSite","@id":"https:\/\/retrostikala.si\/#website","url":"https:\/\/retrostikala.si\/","name":"Retrostikala.si","description":"","potentialAction":[{"@type":"SearchAction","target":{"@type":"EntryPoint","urlTemplate":"https:\/\/retrostikala.si\/?s={search_term_string}"},"query-input":{"@type":"PropertyValueSpecification","valueRequired":true,"valueName":"search_term_string"}}],"inLanguage":"en-US"}]}},"_links":{"self":[{"href":"https:\/\/retrostikala.si\/index.php\/wp-json\/wp\/v2\/pages\/15","targetHints":{"allow":["GET"]}}],"collection":[{"href":"https:\/\/retrostikala.si\/index.php\/wp-json\/wp\/v2\/pages"}],"about":[{"href":"https:\/\/retrostikala.si\/index.php\/wp-json\/wp\/v2\/types\/page"}],"author":[{"embeddable":true,"href":"https:\/\/retrostikala.si\/index.php\/wp-json\/wp\/v2\/users\/1"}],"replies":[{"embeddable":true,"href":"https:\/\/retrostikala.si\/index.php\/wp-json\/wp\/v2\/comments?post=15"}],"version-history":[{"count":49,"href":"https:\/\/retrostikala.si\/index.php\/wp-json\/wp\/v2\/pages\/15\/revisions"}],"predecessor-version":[{"id":90,"href":"https:\/\/retrostikala.si\/index.php\/wp-json\/wp\/v2\/pages\/15\/revisions\/90"}],"wp:attachment":[{"href":"https:\/\/retrostikala.si\/index.php\/wp-json\/wp\/v2\/media?parent=15"}],"curies":[{"name":"wp","href":"https:\/\/api.w.org\/{rel}","templated":true}]}}